{"id":85,"date":"2025-01-05T20:03:15","date_gmt":"2025-01-05T19:03:15","guid":{"rendered":"https:\/\/cocinaparaseducir.com\/?page_id=85"},"modified":"2025-01-05T21:08:08","modified_gmt":"2025-01-05T20:08:08","slug":"menu-responsive-prueba","status":"publish","type":"page","link":"https:\/\/cocinaparaseducir.com\/index.php\/menu-responsive-prueba\/","title":{"rendered":"Men\u00fa responsive prueba"},"content":{"rendered":"<p>[et_pb_section fb_built=&#8221;1&#8243; _builder_version=&#8221;4.23&#8243; _module_preset=&#8221;default&#8221; global_colors_info=&#8221;{}&#8221;][et_pb_row column_structure=&#8221;1_2,1_2&#8243; use_custom_gutter=&#8221;on&#8221; gutter_width=&#8221;1&#8243; module_class=&#8221;endos&#8221; _builder_version=&#8221;4.23&#8243; _module_preset=&#8221;default&#8221; width=&#8221;100%&#8221; hover_enabled=&#8221;0&#8243; global_colors_info=&#8221;{}&#8221; max_width=&#8221;100%&#8221; custom_margin=&#8221;0px|10px|0px|10px|true|true&#8221; custom_padding=&#8221;0px|10px|0px|10px|true|true&#8221; sticky_enabled=&#8221;0&#8243; make_equal=&#8221;on&#8221;][et_pb_column type=&#8221;1_2&#8243; _builder_version=&#8221;4.23&#8243; _module_preset=&#8221;default&#8221; global_colors_info=&#8221;{}&#8221; hover_enabled=&#8221;0&#8243; sticky_enabled=&#8221;0&#8243;][et_pb_text _builder_version=&#8221;4.23&#8243; _module_preset=&#8221;default&#8221; header_font_size=&#8221;22px&#8221; global_colors_info=&#8221;{}&#8221; hover_enabled=&#8221;0&#8243; sticky_enabled=&#8221;0&#8243;]<\/p>\n<h1 class=\"et_pb_module_heading\">PARA EMPEZAR A HINCAR EL COLMILLO<\/h1>\n<p>[\/et_pb_text][\/et_pb_column][et_pb_column type=&#8221;1_2&#8243; _builder_version=&#8221;4.23&#8243; _module_preset=&#8221;default&#8221; global_colors_info=&#8221;{}&#8221; hover_enabled=&#8221;0&#8243; sticky_enabled=&#8221;0&#8243;][et_pb_text _builder_version=&#8221;4.23&#8243; _module_preset=&#8221;default&#8221; text_font=&#8221;||||||||&#8221; header_4_font_size=&#8221;21px&#8221; custom_margin=&#8221;1px||||false|false&#8221; locked=&#8221;off&#8221; global_colors_info=&#8221;{}&#8221; hover_enabled=&#8221;0&#8243; sticky_enabled=&#8221;0&#8243;]<\/p>\n<h4 style=\"text-align: center;\">Platin \/ Raci\u00f3n<\/h4>\n<p>[\/et_pb_text][\/et_pb_column][\/et_pb_row][et_pb_row column_structure=&#8221;1_2,1_2&#8243; use_custom_gutter=&#8221;on&#8221; gutter_width=&#8221;1&#8243; module_class=&#8221;endos&#8221; _builder_version=&#8221;4.23&#8243; _module_preset=&#8221;default&#8221; width=&#8221;100%&#8221; hover_enabled=&#8221;0&#8243; global_colors_info=&#8221;{}&#8221; max_width=&#8221;100%&#8221; custom_margin=&#8221;0px|10px|0px|10px|true|true&#8221; custom_padding=&#8221;0px|10px|0px|10px|true|true&#8221; sticky_enabled=&#8221;0&#8243; make_equal=&#8221;on&#8221;][et_pb_column type=&#8221;1_2&#8243; _builder_version=&#8221;4.23&#8243; _module_preset=&#8221;default&#8221; global_colors_info=&#8221;{}&#8221; hover_enabled=&#8221;0&#8243; sticky_enabled=&#8221;0&#8243;][et_pb_text _builder_version=&#8221;4.23&#8243; _module_preset=&#8221;default&#8221; text_font=&#8221;||||||||&#8221; header_4_font_size=&#8221;21px&#8221; global_colors_info=&#8221;{}&#8221; custom_margin=&#8221;21px||||false|false&#8221; header_4_font_size_last_edited=&#8221;on|phone&#8221; hover_enabled=&#8221;0&#8243; sticky_enabled=&#8221;0&#8243; header_4_font_size_phone=&#8221;18px&#8221; text_line_height=&#8221;1em&#8221; header_4_font_size_tablet=&#8221;21px&#8221;]<\/p>\n<h4><strong>JAM\u00d3N IB\u00c9RICO DE BELLOTA<\/strong><strong><span><\/span><\/strong><\/h4>\n<p>Acompa\u00f1ado de pan tostado y tomate<\/p>\n<p>[\/et_pb_text][et_pb_text _builder_version=&#8221;4.23&#8243; _module_preset=&#8221;default&#8221; text_font=&#8221;||||||||&#8221; header_4_font_size=&#8221;21px&#8221; global_colors_info=&#8221;{}&#8221; custom_margin=&#8221;21px||||false|false&#8221; header_4_font_size_last_edited=&#8221;on|phone&#8221; hover_enabled=&#8221;0&#8243; sticky_enabled=&#8221;0&#8243; header_4_font_size_phone=&#8221;18px&#8221; text_line_height=&#8221;1em&#8221; header_4_font_size_tablet=&#8221;21px&#8221;]<\/p>\n<h4><strong>JAM\u00d3N IB\u00c9RICO DE BELLOTA<\/strong><strong><span><\/span><\/strong><\/h4>\n<p>Acompa\u00f1ado de pan tostado y tomate<\/p>\n<p>[\/et_pb_text][et_pb_text _builder_version=&#8221;4.23&#8243; _module_preset=&#8221;default&#8221; text_font=&#8221;||||||||&#8221; header_4_font_size=&#8221;21px&#8221; global_colors_info=&#8221;{}&#8221; custom_margin=&#8221;21px||||false|false&#8221; header_4_font_size_last_edited=&#8221;on|phone&#8221; hover_enabled=&#8221;0&#8243; sticky_enabled=&#8221;0&#8243; header_4_font_size_phone=&#8221;18px&#8221; text_line_height=&#8221;1em&#8221; header_4_font_size_tablet=&#8221;21px&#8221;]<\/p>\n<h4><strong>JAM\u00d3N IB\u00c9RICO DE BELLOTA<\/strong><strong><span><\/span><\/strong><\/h4>\n<p>Acompa\u00f1ado de pan tostado y tomate<\/p>\n<p>[\/et_pb_text][\/et_pb_column][et_pb_column type=&#8221;1_2&#8243; _builder_version=&#8221;4.23&#8243; _module_preset=&#8221;default&#8221; global_colors_info=&#8221;{}&#8221; hover_enabled=&#8221;0&#8243; sticky_enabled=&#8221;0&#8243;][et_pb_text _builder_version=&#8221;4.23&#8243; _module_preset=&#8221;default&#8221; text_font=&#8221;||||||||&#8221; header_4_font_size=&#8221;21px&#8221; locked=&#8221;off&#8221; global_colors_info=&#8221;{}&#8221; hover_enabled=&#8221;0&#8243; sticky_enabled=&#8221;0&#8243; min_height=&#8221;65px&#8221; custom_margin=&#8221;22px||||false|false&#8221;]<\/p>\n<h4 style=\"text-align: center;\"><strong>15 &#8212; 21<\/strong><\/h4>\n<p>[\/et_pb_text][et_pb_text _builder_version=&#8221;4.23&#8243; _module_preset=&#8221;default&#8221; text_font=&#8221;||||||||&#8221; header_4_font_size=&#8221;21px&#8221; locked=&#8221;off&#8221; global_colors_info=&#8221;{}&#8221; hover_enabled=&#8221;0&#8243; sticky_enabled=&#8221;0&#8243; min_height=&#8221;70px&#8221; custom_margin=&#8221;22px||||false|false&#8221;]<\/p>\n<h4 style=\"text-align: center;\"><strong>15 &#8212; 21<\/strong><\/h4>\n<p>[\/et_pb_text][et_pb_text _builder_version=&#8221;4.23&#8243; _module_preset=&#8221;default&#8221; text_font=&#8221;||||||||&#8221; header_4_font_size=&#8221;21px&#8221; locked=&#8221;off&#8221; global_colors_info=&#8221;{}&#8221; hover_enabled=&#8221;0&#8243; sticky_enabled=&#8221;0&#8243; min_height=&#8221;89px&#8221; custom_margin=&#8221;22px||||false|false&#8221;]<\/p>\n<h4 style=\"text-align: center;\"><strong>15 &#8212; 21<\/strong><\/h4>\n<p>[\/et_pb_text][\/et_pb_column][\/et_pb_row][et_pb_row _builder_version=&#8221;4.23&#8243; _module_preset=&#8221;default&#8221; global_colors_info=&#8221;{}&#8221;][et_pb_column type=&#8221;4_4&#8243; _builder_version=&#8221;4.23&#8243; _module_preset=&#8221;default&#8221; global_colors_info=&#8221;{}&#8221;][et_pb_code _builder_version=&#8221;4.23&#8243; _module_preset=&#8221;default&#8221; global_colors_info=&#8221;{}&#8221; hover_enabled=&#8221;0&#8243; sticky_enabled=&#8221;0&#8243;]<\/p>\n<style>.doscolumnas {<!-- [et_pb_line_break_holder] -->display: inline-block; <!-- [et_pb_line_break_holder] -->max-width :50%;<!-- [et_pb_line_break_holder] -->} <!-- [et_pb_line_break_holder] --><\/style>\n<p>[\/et_pb_code][\/et_pb_column][\/et_pb_row][\/et_pb_section]<\/p>\n","protected":false},"excerpt":{"rendered":"<p>PARA EMPEZAR A HINCAR EL COLMILLOPlatin \/ Raci\u00f3nJAM\u00d3N IB\u00c9RICO DE BELLOTA Acompa\u00f1ado de pan tostado y tomateJAM\u00d3N IB\u00c9RICO DE BELLOTA Acompa\u00f1ado de pan tostado y tomateJAM\u00d3N IB\u00c9RICO DE BELLOTA Acompa\u00f1ado de pan tostado y tomate15 &#8212; 2115 &#8212; 2115 &#8212; 21<\/p>\n","protected":false},"author":1,"featured_media":0,"parent":0,"menu_order":0,"comment_status":"closed","ping_status":"closed","template":"","meta":{"_et_pb_use_builder":"on","_et_pb_old_content":"","_et_gb_content_width":"","footnotes":""},"_links":{"self":[{"href":"https:\/\/cocinaparaseducir.com\/index.php\/wp-json\/wp\/v2\/pages\/85"}],"collection":[{"href":"https:\/\/cocinaparaseducir.com\/index.php\/wp-json\/wp\/v2\/pages"}],"about":[{"href":"https:\/\/cocinaparaseducir.com\/index.php\/wp-json\/wp\/v2\/types\/page"}],"author":[{"embeddable":true,"href":"https:\/\/cocinaparaseducir.com\/index.php\/wp-json\/wp\/v2\/users\/1"}],"replies":[{"embeddable":true,"href":"https:\/\/cocinaparaseducir.com\/index.php\/wp-json\/wp\/v2\/comments?post=85"}],"version-history":[{"count":32,"href":"https:\/\/cocinaparaseducir.com\/index.php\/wp-json\/wp\/v2\/pages\/85\/revisions"}],"predecessor-version":[{"id":143,"href":"https:\/\/cocinaparaseducir.com\/index.php\/wp-json\/wp\/v2\/pages\/85\/revisions\/143"}],"wp:attachment":[{"href":"https:\/\/cocinaparaseducir.com\/index.php\/wp-json\/wp\/v2\/media?parent=85"}],"curies":[{"name":"wp","href":"https:\/\/api.w.org\/{rel}","templated":true}]}}